{"id":2,"date":"2024-12-25T12:20:00","date_gmt":"2024-12-25T10:20:00","guid":{"rendered":"https:\/\/kennel-rahel.net\/opas\/?page_id=2"},"modified":"2024-12-26T18:19:34","modified_gmt":"2024-12-26T16:19:34","slug":"main","status":"publish","type":"page","link":"https:\/\/kennel-rahel.net\/opas\/","title":{"rendered":"Tervetuloa Kennel Rahel &#8211; pentuoppaaseen"},"content":{"rendered":"\n<p>T\u00e4m\u00e4 ohje on tarkoitettu yksityiseen k\u00e4ytt\u00f6\u00f6n, sinulle hyv\u00e4 Rahel pennun omistaja tai tuleva sellainen.<br>T\u00e4m\u00e4 l\u00f6ytyy t\u00e4\u00e4lt\u00e4, ett\u00e4 voit sit\u00e4 sitten tarpeen vaatiessa tutkailla, rauhassa ja ajan kanssa.<\/p>\n\n\n\n<figure class=\"wp-block-image size-full\"><img loading=\"lazy\" decoding=\"async\" width=\"1024\" height=\"1024\" src=\"https:\/\/kennel-rahel.net\/opas\/wp-content\/uploads\/2024\/12\/A-Peruvian-hairless-dog-with-a-small-mohawk.jpg\" alt=\"\" class=\"wp-image-493\" srcset=\"https:\/\/kennel-rahel.net\/opas\/wp-content\/uploads\/2024\/12\/A-Peruvian-hairless-dog-with-a-small-mohawk.jpg 1024w, https:\/\/kennel-rahel.net\/opas\/wp-content\/uploads\/2024\/12\/A-Peruvian-hairless-dog-with-a-small-mohawk-300x300.jpg 300w, https:\/\/kennel-rahel.net\/opas\/wp-content\/uploads\/2024\/12\/A-Peruvian-hairless-dog-with-a-small-mohawk-150x150.jpg 150w, https:\/\/kennel-rahel.net\/opas\/wp-content\/uploads\/2024\/12\/A-Peruvian-hairless-dog-with-a-small-mohawk-768x768.jpg 768w, https:\/\/kennel-rahel.net\/opas\/wp-content\/uploads\/2024\/12\/A-Peruvian-hairless-dog-with-a-small-mohawk-850x850.jpg 850w\" sizes=\"auto, (max-width: 1024px) 100vw, 1024px\" \/><\/figure>\n\n\n\n<p>Paljon on asiaa, joten olisin iloinen, jos kahlaisit t\u00e4m\u00e4n sis\u00e4ll\u00f6n ajan kanssa l\u00e4pi.<\/p>\n\n\n\n<p><\/p>\n","protected":false},"excerpt":{"rendered":"<p>T\u00e4m\u00e4 ohje on tarkoitettu yksityiseen k\u00e4ytt\u00f6\u00f6n, sinulle hyv\u00e4 Rahel pennun omistaja tai tuleva sellainen.T\u00e4m\u00e4 l\u00f6ytyy t\u00e4\u00e4lt\u00e4, ett\u00e4 voit sit\u00e4 sitten tarpeen vaatiessa tutkailla, rauhassa ja ajan kanssa. Paljon on asiaa, joten olisin iloinen, jos kahlaisit t\u00e4m\u00e4n sis\u00e4ll\u00f6n ajan kanssa l\u00e4pi.<\/p>\n","protected":false},"author":1,"featured_media":0,"parent":0,"menu_order":0,"comment_status":"closed","ping_status":"closed","template":"","meta":{"footnotes":""},"class_list":["post-2","page","type-page","status-publish","hentry"],"_links":{"self":[{"href":"https:\/\/kennel-rahel.net\/opas\/wp-json\/wp\/v2\/pages\/2","targetHints":{"allow":["GET"]}}],"collection":[{"href":"https:\/\/kennel-rahel.net\/opas\/wp-json\/wp\/v2\/pages"}],"about":[{"href":"https:\/\/kennel-rahel.net\/opas\/wp-json\/wp\/v2\/types\/page"}],"author":[{"embeddable":true,"href":"https:\/\/kennel-rahel.net\/opas\/wp-json\/wp\/v2\/users\/1"}],"replies":[{"embeddable":true,"href":"https:\/\/kennel-rahel.net\/opas\/wp-json\/wp\/v2\/comments?post=2"}],"version-history":[{"count":9,"href":"https:\/\/kennel-rahel.net\/opas\/wp-json\/wp\/v2\/pages\/2\/revisions"}],"predecessor-version":[{"id":494,"href":"https:\/\/kennel-rahel.net\/opas\/wp-json\/wp\/v2\/pages\/2\/revisions\/494"}],"wp:attachment":[{"href":"https:\/\/kennel-rahel.net\/opas\/wp-json\/wp\/v2\/media?parent=2"}],"curies":[{"name":"wp","href":"https:\/\/api.w.org\/{rel}","templated":true}]}}